{"id":41,"date":"2016-09-30T08:43:35","date_gmt":"2016-09-30T08:43:35","guid":{"rendered":"http:\/\/nowytarg.greenbuildingstandard.eu\/?page_id=41"},"modified":"2022-04-21T12:46:43","modified_gmt":"2022-04-21T10:46:43","slug":"o-budynku","status":"publish","type":"page","link":"http:\/\/craft.greenbuildingstandard.eu\/en\/o-budynku\/","title":{"rendered":"O budynku"},"content":{"rendered":"<p><img loading=\"lazy\" class=\"alignleft\" src=\"https:\/\/cdn.officelist.pl\/property_photo\/Craft.jpg?ixlib=js-3.5.1&amp;w=3840&amp;h=2195&amp;fit=crop&amp;crop=edges&amp;auto=format&amp;mark=%2Flogo-white.png&amp;mark-pad=100&amp;mark-align=right%2Cbottom&amp;s=3a636fb6ac51f39c861fba0db7c4ab5c\" alt=\"CRAFT, Chorzowska \/ \u015aciegiennego, Katowice, D\u0105b\" width=\"730\" height=\"417\" \/><\/p>\n<p>Budynek CRAFT przy ulicy Chorzowskiej to nowoczesny obiekt biurowy, kt\u00f3ry jest realizowany w Katowicach.<\/p>\n<p>Powierzchnia biurowa tego obiektu wyniesie 26 700 m.kw.<\/p>\n<p>Inwestorem nieruchomo\u015bci jest Ghelamco Poland, natomiast jej projekt powsta\u0142 w pracowni Czora&amp;Czora.<\/p>\n<p>Budynek sk\u0142ada\u0107 si\u0119 b\u0119dzie z trzynastu kondygnacji naziemnych i parkingu podziemnego dla 218 samochod\u00f3w. Na zewn\u0105trz biurowca zaplanowano ok. 28 miejsca postojowe.<\/p>\n<p>Lokalizacja budynku CRAFT umo\u017cliwia swobodne i sprawne przemieszczanie si\u0119 do innych cz\u0119\u015bci miasta, zar\u00f3wno transportem miejskim, jak i w\u0142asnym \u015brodkiem transportu. W pobli\u017cu znajduj\u0105 si\u0119 przystanki tramwajowe oraz autobusowe. Obiekt znajduje si\u0119 przy centrum handlowym Silesia City Center. W okolicy znajduj\u0105 si\u0119 m.in. centrum medyczne, a tak\u017ce inne presti\u017cowe nieruchomo\u015bci biurowe.<\/p>\n<p>Obiekt zosta\u0142 tak zaplanowany by wkomponowa\u0107 w bry\u0142\u0119 tarasy i punkty wypoczynkowe dla pracownik\u00f3w.<\/p>\n<p>Dojazd samochodem do Dworca Kolejowego zajmuje ok. 6 min., a do Portu Lotniczego w Pyrzowicach ok. 35 min.<\/p>\n<p>Walory ekologiczne inwestycji oraz komfort \u015brodowiska pracy potwierdza certyfikat\u00a0<a href=\"http:\/\/greenbuildingstandard.eu\/\">Green Building Standard.<\/a><\/p>\n<p><a class=\"przycisk mb-button mb-style-traditional mb-size-default mb-corners-default mb-text-style-default \" style=\"background-color: #2bc470;\" href=\"http:\/\/craft.greenbuildingstandard.eu#focus\">Udogodnienia<\/a><\/p>\n","protected":false},"excerpt":{"rendered":"<p>Budynek CRAFT przy ulicy Chorzowskiej to nowoczesny obiekt biurowy, kt\u00f3ry jest realizowany w Katowicach. Powierzchnia biurowa tego obiektu wyniesie 26 700 m.kw. Inwestorem nieruchomo\u015bci jest Ghelamco Poland, natomiast jej projekt powsta\u0142 w pracowni Czora&amp;Czora. Budynek sk\u0142ada\u0107 si\u0119 b\u0119dzie z trzynastu kondygnacji naziemnych i parkingu podziemnego dla 218 samochod\u00f3w. Na zewn\u0105trz biurowca zaplanowano ok. 28 miejsca <a href=\"http:\/\/craft.greenbuildingstandard.eu\/en\/o-budynku\/\" rel=\"nofollow\"><span class=\"sr-only\">Read more about O budynku<\/span>[&hellip;]<\/a><\/p>\n","protected":false},"author":1,"featured_media":0,"parent":0,"menu_order":0,"comment_status":"closed","ping_status":"closed","template":"template-fullwidth.php","meta":[],"_links":{"self":[{"href":"http:\/\/craft.greenbuildingstandard.eu\/en\/wp-json\/wp\/v2\/pages\/41"}],"collection":[{"href":"http:\/\/craft.greenbuildingstandard.eu\/en\/wp-json\/wp\/v2\/pages"}],"about":[{"href":"http:\/\/craft.greenbuildingstandard.eu\/en\/wp-json\/wp\/v2\/types\/page"}],"author":[{"embeddable":true,"href":"http:\/\/craft.greenbuildingstandard.eu\/en\/wp-json\/wp\/v2\/users\/1"}],"replies":[{"embeddable":true,"href":"http:\/\/craft.greenbuildingstandard.eu\/en\/wp-json\/wp\/v2\/comments?post=41"}],"version-history":[{"count":8,"href":"http:\/\/craft.greenbuildingstandard.eu\/en\/wp-json\/wp\/v2\/pages\/41\/revisions"}],"predecessor-version":[{"id":814,"href":"http:\/\/craft.greenbuildingstandard.eu\/en\/wp-json\/wp\/v2\/pages\/41\/revisions\/814"}],"wp:attachment":[{"href":"http:\/\/craft.greenbuildingstandard.eu\/en\/wp-json\/wp\/v2\/media?parent=41"}],"curies":[{"name":"wp","href":"https:\/\/api.w.org\/{rel}","templated":true}]}}