{"id":63,"date":"2016-09-30T10:07:44","date_gmt":"2016-09-30T10:07:44","guid":{"rendered":"http:\/\/nowytarg.greenbuildingstandard.eu\/?page_id=63"},"modified":"2021-03-05T12:14:45","modified_gmt":"2021-03-05T11:14:45","slug":"przyjazny","status":"publish","type":"page","link":"http:\/\/craft.greenbuildingstandard.eu\/en\/przyjazny\/","title":{"rendered":"Przyjazny dla os\u00f3b z niepe\u0142nosprawno\u015bci\u0105"},"content":{"rendered":"<p>Dla lepszego komfortu wszystkich u\u017cytkownik\u00f3w zastosowano specjalne rozwi\u0105zania u\u0142atwiaj\u0105ce poruszanie si\u0119 i korzystanie z budynku:<\/p>\n<ol>\n<li>Windy dzia\u0142aj\u0105ce w przypadku po\u017caru<\/li>\n<li>Nak\u0142adki na schody oraz oznaczenia ostrzegawcze<\/li>\n<li>Wej\u015bcia do budynku, przej\u015bcia dostosowane s\u0105 do manewr\u00f3w i poruszania si\u0119 w\u00f3zk\u00f3w inwalidzkich<\/li>\n<li>Kuchnie, \u0142azienki dostosowane s\u0105 dla os\u00f3b poruszaj\u0105cych si\u0119 na w\u00f3zkach<\/li>\n<li>Dost\u0119p do podstawowych przestrzeni budynku jest u\u0142atwiony dla os\u00f3b z niepe\u0142nosprawno\u015bci\u0105 ruchow\u0105, nie ma prog\u00f3w, a pod\u0142ogi wyko\u0144czone s\u0105 materia\u0142em antypo\u015blizgowym.<\/li>\n<li>Czujniki ruchu\/obecno\u015bci w toaletach dla niepe\u0142nosprawnych<\/li>\n<li>Pokoje dla matek z dzie\u0107mi<\/li>\n<li>Przewijaki dla dzieci w toaletach dla niepe\u0142nosprawnych<\/li>\n<li>Mo\u017cliwo\u015b\u0107 wej\u015bcia do budynku z psem przewodnikiem<\/li>\n<li>Lady w recepcji przystosowane dla komfortu os\u00f3b niepe\u0142nosprawnych<\/li>\n<li>Brajlowska nak\u0142adka informacyjna w windzie<\/li>\n<li>Czytniki kart zamontowane na odpowiedniej wysoko\u015bci<\/li>\n<li>Budynek zosta\u0142 zaprojektowany zgodnie z zaleceniami programu Dost\u0119pno\u015b\u0107+<\/li>\n<\/ol>\n<p><img loading=\"lazy\" class=\"alignleft wp-image-753 size-medium\" src=\"http:\/\/craft.greenbuildingstandard.eu\/wp-content\/uploads\/2021\/03\/wheelchair-5824015_1920-1024x893-1-300x262.png\" alt=\"\" width=\"300\" height=\"262\" srcset=\"http:\/\/craft.greenbuildingstandard.eu\/wp-content\/uploads\/2021\/03\/wheelchair-5824015_1920-1024x893-1-300x262.png 300w, http:\/\/craft.greenbuildingstandard.eu\/wp-content\/uploads\/2021\/03\/wheelchair-5824015_1920-1024x893-1-768x670.png 768w, http:\/\/craft.greenbuildingstandard.eu\/wp-content\/uploads\/2021\/03\/wheelchair-5824015_1920-1024x893-1.png 1024w\" sizes=\"(max-width: 300px) 100vw, 300px\" \/><\/p>\n","protected":false},"excerpt":{"rendered":"<p>Dla lepszego komfortu wszystkich u\u017cytkownik\u00f3w zastosowano specjalne rozwi\u0105zania u\u0142atwiaj\u0105ce poruszanie si\u0119 i korzystanie z budynku: Windy dzia\u0142aj\u0105ce w przypadku po\u017caru Nak\u0142adki na schody oraz oznaczenia ostrzegawcze Wej\u015bcia do budynku, przej\u015bcia dostosowane s\u0105 do manewr\u00f3w i poruszania si\u0119 w\u00f3zk\u00f3w inwalidzkich Kuchnie, \u0142azienki dostosowane s\u0105 dla os\u00f3b poruszaj\u0105cych si\u0119 na w\u00f3zkach Dost\u0119p do podstawowych przestrzeni budynku jest <a href=\"http:\/\/craft.greenbuildingstandard.eu\/en\/przyjazny\/\" rel=\"nofollow\"><span class=\"sr-only\">Read more about Przyjazny dla os\u00f3b z niepe\u0142nosprawno\u015bci\u0105<\/span>[&hellip;]<\/a><\/p>\n","protected":false},"author":1,"featured_media":0,"parent":0,"menu_order":0,"comment_status":"closed","ping_status":"closed","template":"template-fullwidth.php","meta":[],"_links":{"self":[{"href":"http:\/\/craft.greenbuildingstandard.eu\/en\/wp-json\/wp\/v2\/pages\/63"}],"collection":[{"href":"http:\/\/craft.greenbuildingstandard.eu\/en\/wp-json\/wp\/v2\/pages"}],"about":[{"href":"http:\/\/craft.greenbuildingstandard.eu\/en\/wp-json\/wp\/v2\/types\/page"}],"author":[{"embeddable":true,"href":"http:\/\/craft.greenbuildingstandard.eu\/en\/wp-json\/wp\/v2\/users\/1"}],"replies":[{"embeddable":true,"href":"http:\/\/craft.greenbuildingstandard.eu\/en\/wp-json\/wp\/v2\/comments?post=63"}],"version-history":[{"count":2,"href":"http:\/\/craft.greenbuildingstandard.eu\/en\/wp-json\/wp\/v2\/pages\/63\/revisions"}],"predecessor-version":[{"id":756,"href":"http:\/\/craft.greenbuildingstandard.eu\/en\/wp-json\/wp\/v2\/pages\/63\/revisions\/756"}],"wp:attachment":[{"href":"http:\/\/craft.greenbuildingstandard.eu\/en\/wp-json\/wp\/v2\/media?parent=63"}],"curies":[{"name":"wp","href":"https:\/\/api.w.org\/{rel}","templated":true}]}}