{"id":65,"date":"2016-09-30T10:08:00","date_gmt":"2016-09-30T10:08:00","guid":{"rendered":"http:\/\/nowytarg.greenbuildingstandard.eu\/?page_id=65"},"modified":"2022-04-21T13:04:56","modified_gmt":"2022-04-21T11:04:56","slug":"strefy-wypoczynku","status":"publish","type":"page","link":"http:\/\/craft.greenbuildingstandard.eu\/en\/strefy-wypoczynku\/","title":{"rendered":"Strefy wypoczynku"},"content":{"rendered":"<p>Dla Pracownik\u00f3w do odpoczynku przewidziano sze\u015b\u0107 taras\u00f3w, w tym jeden na dachu.\u00a0<\/p>\n\n\n<figure class=\"wp-block-image size-large is-resized\"><img src=\"http:\/\/craft.greenbuildingstandard.eu\/wp-content\/uploads\/2021\/03\/14.02-1024x683.jpg\" alt=\"\" class=\"wp-image-763\" width=\"900\" srcset=\"http:\/\/craft.greenbuildingstandard.eu\/wp-content\/uploads\/2021\/03\/14.02-1024x683.jpg 1024w, http:\/\/craft.greenbuildingstandard.eu\/wp-content\/uploads\/2021\/03\/14.02-300x200.jpg 300w, http:\/\/craft.greenbuildingstandard.eu\/wp-content\/uploads\/2021\/03\/14.02-768x512.jpg 768w, http:\/\/craft.greenbuildingstandard.eu\/wp-content\/uploads\/2021\/03\/14.02-1536x1024.jpg 1536w, http:\/\/craft.greenbuildingstandard.eu\/wp-content\/uploads\/2021\/03\/14.02-750x500.jpg 750w, http:\/\/craft.greenbuildingstandard.eu\/wp-content\/uploads\/2021\/03\/14.02.jpg 1920w\" sizes=\"(max-width: 1024px) 100vw, 1024px\" \/><\/figure>\n","protected":false},"excerpt":{"rendered":"<p>Dla Pracownik\u00f3w do odpoczynku przewidziano sze\u015b\u0107 taras\u00f3w, w tym jeden na dachu.\u00a0<\/p>\n","protected":false},"author":1,"featured_media":0,"parent":0,"menu_order":0,"comment_status":"closed","ping_status":"closed","template":"template-fullwidth.php","meta":[],"_links":{"self":[{"href":"http:\/\/craft.greenbuildingstandard.eu\/en\/wp-json\/wp\/v2\/pages\/65"}],"collection":[{"href":"http:\/\/craft.greenbuildingstandard.eu\/en\/wp-json\/wp\/v2\/pages"}],"about":[{"href":"http:\/\/craft.greenbuildingstandard.eu\/en\/wp-json\/wp\/v2\/types\/page"}],"author":[{"embeddable":true,"href":"http:\/\/craft.greenbuildingstandard.eu\/en\/wp-json\/wp\/v2\/users\/1"}],"replies":[{"embeddable":true,"href":"http:\/\/craft.greenbuildingstandard.eu\/en\/wp-json\/wp\/v2\/comments?post=65"}],"version-history":[{"count":4,"href":"http:\/\/craft.greenbuildingstandard.eu\/en\/wp-json\/wp\/v2\/pages\/65\/revisions"}],"predecessor-version":[{"id":822,"href":"http:\/\/craft.greenbuildingstandard.eu\/en\/wp-json\/wp\/v2\/pages\/65\/revisions\/822"}],"wp:attachment":[{"href":"http:\/\/craft.greenbuildingstandard.eu\/en\/wp-json\/wp\/v2\/media?parent=65"}],"curies":[{"name":"wp","href":"https:\/\/api.w.org\/{rel}","templated":true}]}}